{"id":1340,"date":"2021-02-02T11:29:51","date_gmt":"2021-02-02T10:29:51","guid":{"rendered":"https:\/\/torregigliano.it\/?page_id=1340"},"modified":"2021-03-08T17:22:44","modified_gmt":"2021-03-08T16:22:44","slug":"home","status":"publish","type":"page","link":"https:\/\/torregigliano.it\/en\/","title":{"rendered":"Home"},"content":{"rendered":"<p>[vc_row css=&#8221;.vc_custom_1537517367646{margin-top: 0px !important;margin-right: 0px !important;margin-bottom: 0px !important;margin-left: 0px !important;border-top-width: 0px !important;border-right-width: 0px !important;border-bottom-width: 0px !important;border-left-width: 0px !important;padding-top: 0px !important;padding-right: 0px !important;padding-bottom: 0px !important;padding-left: 0px !important;}&#8221;][vc_column css=&#8221;.vc_custom_1537517359601{margin-top: 0px !important;margin-right: 0px !important;margin-bottom: 0px !important;margin-left: 0px !important;border-top-width: 0px !important;border-right-width: 0px !important;border-bottom-width: 0px !important;border-left-width: 0px !important;padding-top: 0px !important;padding-right: 0px !important;padding-bottom: 0px !important;padding-left: 0px !important;}&#8221;][rev_slider_vc alias=&#8221;homepage1&#8243; el_class=&#8221;sohohotel-homepage-slider&#8221;][\/vc_column][\/vc_row][vc_row css=&#8221;.vc_custom_1615214137564{background-color: #7f2d31 !important;}&#8221;][vc_column][vc_row_inner][vc_column_inner width=&#8221;2\/3&#8243;][vc_column_text]<\/p>\n<h3 style=\"text-align: center;\"><span style=\"color: #ffffff;\">&#8220;This land corner smielo at me more than anything&#8221;<\/span><\/h3>\n<p>[\/vc_column_text][\/vc_column_inner][vc_column_inner width=&#8221;1\/3&#8243;][vc_btn title=&#8221;BOOKING&#8221; style=&#8221;flat&#8221; align=&#8221;center&#8221; i_icon_fontawesome=&#8221;far fa-calendar-alt&#8221; add_icon=&#8221;true&#8221; link=&#8221;url:https%3A%2F%2Ftorregigliano.it%2Fen%2Ftorre-gigliano%2F&#8221;][\/vc_column_inner][\/vc_row_inner][\/vc_column][\/vc_row][vc_row fixed_width=&#8221;true&#8221; css=&#8221;.vc_custom_1537519315431{margin-bottom: 60px !important;}&#8221;][vc_column width=&#8221;1\/2&#8243;][vc_column_text]<\/p>\n<h3 style=\"text-align: center;\">Torre Gigliano is part of the prosperous farm business led by the the aristocratic Fenicia family from Ravello and it is located on the sidelines of the fortified manor of the family, where authentic extra-virgin Oil and Nero di Troia grapes are produced.<\/h3>\n<p>[\/vc_column_text]<a href=\"https:\/\/torregigliano.it\/en\/who-we-are\/\" class=\"sohohotel-button1\" style=\"background: #7f2d31;color:#ffffff;margin: 0 auto 20px auto;\">Who we are <i class=\"fa fa-angle-right\"><\/i><\/a><div class=\"sohohotel-clearboth\"><\/div>[\/vc_column][vc_column width=&#8221;1\/2&#8243;][vc_single_image image=&#8221;1342&#8243; img_size=&#8221;full&#8221; alignment=&#8221;center&#8221;][\/vc_column][\/vc_row][vc_row fixed_width=&#8221;true&#8221; css=&#8221;.vc_custom_1537519315431{margin-bottom: 60px !important;}&#8221;][vc_column width=&#8221;1\/2&#8243;][vc_single_image image=&#8221;1417&#8243; img_size=&#8221;full&#8221; alignment=&#8221;center&#8221;][\/vc_column][vc_column width=&#8221;1\/2&#8243;][vc_empty_space height=&#8221;35px&#8221;][vc_column_text]<\/p>\n<h3 style=\"text-align: center;\">Torre Gigliano offers the perfect gateway from the city, in which you can find the innermost pleasures of life: a full immersion in a simple living in order to experience the most genuine part of Our Land.<\/h3>\n<p>[\/vc_column_text]<a href=\"https:\/\/torregigliano.it\/en\/torre-gigliano\/\" class=\"sohohotel-button1\" style=\"background: #7f2d31;color:#ffffff;margin: 0 auto 20px auto;\">Torre Gigliano <i class=\"fa fa-angle-right\"><\/i><\/a><div class=\"sohohotel-clearboth\"><\/div>[\/vc_column][\/vc_row][vc_row fixed_width=&#8221;true&#8221; css=&#8221;.vc_custom_1537523492174{margin-top: 0px !important;margin-right: 0px !important;margin-bottom: 60px !important;margin-left: 0px !important;border-top-width: 0px !important;border-right-width: 0px !important;border-bottom-width: 0px !important;border-left-width: 0px !important;padding-top: 0px !important;padding-right: 0px !important;padding-bottom: 0px !important;padding-left: 0px !important;}&#8221;][vc_column][vc_column_text]<\/p>\n<div style=\"width: 1140px;\" class=\"wp-video\"><!--[if lt IE 9]><script>document.createElement('video');<\/script><![endif]-->\n<video class=\"wp-video-shortcode\" id=\"video-1340-1\" width=\"1140\" height=\"641\" preload=\"metadata\" controls=\"controls\"><source type=\"video\/mp4\" src=\"http:\/\/torregigliano.it\/wp-content\/uploads\/2021\/01\/TorreGigliano_clip_web_compresso.mp4?_=1\" \/><a href=\"http:\/\/torregigliano.it\/wp-content\/uploads\/2021\/01\/TorreGigliano_clip_web_compresso.mp4\">http:\/\/torregigliano.it\/wp-content\/uploads\/2021\/01\/TorreGigliano_clip_web_compresso.mp4<\/a><\/video><\/div>\n<p>[\/vc_column_text][\/vc_column][\/vc_row][vc_row fixed_width=&#8221;true&#8221; css=&#8221;.vc_custom_1537523492174{margin-top: 0px !important;margin-right: 0px !important;margin-bottom: 60px !important;margin-left: 0px !important;border-top-width: 0px !important;border-right-width: 0px !important;border-bottom-width: 0px !important;border-left-width: 0px !important;padding-top: 0px !important;padding-right: 0px !important;padding-bottom: 0px !important;padding-left: 0px !important;}&#8221;][vc_column]<div class=\"sohohotel-title2 sohohotel-title-color\"><h3>Review<\/h3><\/div>\t\n\t<!-- BEGIN .sohohotel-testimonial-wrapper -->\n\t<div class=\"sohohotel-testimonial-wrapper-1 sohohotel-testimonials-border-1\">\n\t\n\t\t\t\t\n\t\t\t<!-- BEGIN .sohohotel-testimonial-list- -->\n\t\t\t<div class=\"sohohotel-testimonial-list sohohotel-owl-carousel-1\">\n\t\n\t\t\t\t\t\t\t\n\t\t\t\t\t\t\t\t\n\t\t\t\t<!-- BEGIN .sohohotel-testimonial-block -->\n\t\t\t\t<div class=\"sohohotel-testimonial-block\">\n\t\t\t\t\t\n\t\t\t\t\t<div>\n\t\t\t\t\t\t<span class=\"sohohotel-open-quote\">\u201c<\/span>\n\t\t\t\t\t\t\t\t\t\t\t\t<p>This place is wonderful, very ancient details and lots of privacy. Alessandra is very attentive and quick.<\/p>\n<a href=\"https:\/\/torregigliano.it\/en\/testimonials\/testimonial-1\/\" class=\"sohohotel-more-link\">Read More<i class=\"fa fa-angle-right\"><\/i><\/a>\t\t\t\t\t\t<span class=\"sohohotel-close-quote\">\u201d<\/span>\n\t\t\t\t\t<\/div>\n\n\t\t\t\t\t\n\t\t\t\t\t<div class=\"sohohotel-testimonial-author\"><p>Arnold - maggio 2018<\/p><\/div>\n\n\t\t\t\t<!-- END .sohohotel-testimonial-block -->\n\t\t\t\t<\/div>\n\t\t\t\n\t\t\t\t\t\t\t\n\t\t\t\t\t\t\t\t\n\t\t\t\t<!-- BEGIN .sohohotel-testimonial-block -->\n\t\t\t\t<div class=\"sohohotel-testimonial-block\">\n\t\t\t\t\t\n\t\t\t\t\t<div>\n\t\t\t\t\t\t<span class=\"sohohotel-open-quote\">\u201c<\/span>\n\t\t\t\t\t\t\t\t\t\t\t\t<p>Un domaine merveilleux vous attend au bout d\u2019une all\u00e9e de pins. Tout le confort d\u00e9sir\u00e9, la tranquillit\u00e9, la proximit\u00e9 de la nature, et l\u2019exotisme de vivre de bons moments dans un endroit historique \u00e0 la campagne tout pr\u00e8s de la ville. Tr\u00e8s bien situ\u00e9 pour visiter Bari, Alberobello, Murgia, Matera ou Trani.<\/p>\n<a href=\"https:\/\/torregigliano.it\/en\/testimonials\/testimonial-2\/\" class=\"sohohotel-more-link\">Read More<i class=\"fa fa-angle-right\"><\/i><\/a>\t\t\t\t\t\t<span class=\"sohohotel-close-quote\">\u201d<\/span>\n\t\t\t\t\t<\/div>\n\n\t\t\t\t\t\n\t\t\t\t\t<div class=\"sohohotel-testimonial-author\"><p>Louise - Settembre 2019<\/p><\/div>\n\n\t\t\t\t<!-- END .sohohotel-testimonial-block -->\n\t\t\t\t<\/div>\n\t\t\t\n\t\t\t\t\t\t\t\n\t\t\t\t\t\t\t\t\n\t\t\t\t<!-- BEGIN .sohohotel-testimonial-block -->\n\t\t\t\t<div class=\"sohohotel-testimonial-block\">\n\t\t\t\t\t\n\t\t\t\t\t<div>\n\t\t\t\t\t\t<span class=\"sohohotel-open-quote\">\u201c<\/span>\n\t\t\t\t\t\t\t\t\t\t\t\t<p>Percorrere il lungo viale di ingresso che conduce alla torre (che \u00e8 una vera torre!) \u00e8 come addentrarsi in un luogo magico, curato in tutti i dettagli interni ed esterni senza presunzione ed estremamente rispettoso della natura originale dell\u2019edificio.<\/p>\n<a href=\"https:\/\/torregigliano.it\/en\/testimonials\/testimonial-3\/\" class=\"sohohotel-more-link\">Read More<i class=\"fa fa-angle-right\"><\/i><\/a>\t\t\t\t\t\t<span class=\"sohohotel-close-quote\">\u201d<\/span>\n\t\t\t\t\t<\/div>\n\n\t\t\t\t\t\n\t\t\t\t\t<div class=\"sohohotel-testimonial-author\"><p>Antonio - agosto 2018<\/p><\/div>\n\n\t\t\t\t<!-- END .sohohotel-testimonial-block -->\n\t\t\t\t<\/div>\n\t\t\t\n\t\t\t\t\t\t\t\n\t\t\t\t\t\t\t\t\n\t\t\t\t<!-- BEGIN .sohohotel-testimonial-block -->\n\t\t\t\t<div class=\"sohohotel-testimonial-block\">\n\t\t\t\t\t\n\t\t\t\t\t<div>\n\t\t\t\t\t\t<span class=\"sohohotel-open-quote\">\u201c<\/span>\n\t\t\t\t\t\t\t\t\t\t\t\t<p>Luogo meraviglioso e tranquillo, cordialit\u00e0 della proprietaria &amp; collabori.\u00a0La vacanza perfetta!! Consigliatissimo!!<\/p>\n<a href=\"https:\/\/torregigliano.it\/en\/testimonials\/testimonial-4\/\" class=\"sohohotel-more-link\">Read More<i class=\"fa fa-angle-right\"><\/i><\/a>\t\t\t\t\t\t<span class=\"sohohotel-close-quote\">\u201d<\/span>\n\t\t\t\t\t<\/div>\n\n\t\t\t\t\t\n\t\t\t\t\t<div class=\"sohohotel-testimonial-author\"><p>Marzio - agosto 2020<\/p><\/div>\n\n\t\t\t\t<!-- END .sohohotel-testimonial-block -->\n\t\t\t\t<\/div>\n\t\t\t\n\t\t\t\t\t\t\t\n\t\t\t\t\t\t\t\t\n\t\t\t\t<!-- BEGIN .sohohotel-testimonial-block -->\n\t\t\t\t<div class=\"sohohotel-testimonial-block\">\n\t\t\t\t\t\n\t\t\t\t\t<div>\n\t\t\t\t\t\t<span class=\"sohohotel-open-quote\">\u201c<\/span>\n\t\t\t\t\t\t\t\t\t\t\t\t<p>Alessandra Fenicia e la sua torre sono un un&#8217;unicum fatto di bellezza e rara eleganza, ci hanno lasciato molto, molto di pi\u00f9 di quanto ci si aspetta da una vacanza.\u00a0La dimora \u00e8 un incanto, curata nei minimi particolari, qui si respira storia ed emozione profonda.<\/p>\n<a href=\"https:\/\/torregigliano.it\/en\/testimonials\/testimonial-5\/\" class=\"sohohotel-more-link\">Read More<i class=\"fa fa-angle-right\"><\/i><\/a>\t\t\t\t\t\t<span class=\"sohohotel-close-quote\">\u201d<\/span>\n\t\t\t\t\t<\/div>\n\n\t\t\t\t\t\n\t\t\t\t\t<div class=\"sohohotel-testimonial-author\"><p>Davide, Barbara e Giampiero. - agosto 2019<\/p><\/div>\n\n\t\t\t\t<!-- END .sohohotel-testimonial-block -->\n\t\t\t\t<\/div>\n\t\t\t\n\t\t\t\t\t\n\t\t\t<!-- END .sohohotel-testimonial-list -->\n\t\t\t<\/div>\n\t\t\n\t\t\t\t\n\t<!-- END .sohohotel-testimonial-wrapper -->\n\t<\/div>\n\t\t\n\t[\/vc_column][\/vc_row]<\/p>\n","protected":false},"excerpt":{"rendered":"<p>[vc_row css=&#8221;.vc_custom_1537517367646{margin-top: 0px !important;margin-right: 0px !important;margin-bottom: 0px !important;margin-left: 0px !important;border-top-width: 0px !important;border-right-width: 0px !important;border-bottom-width: 0px !important;border-left-width: 0px !important;padding-top: 0px !important;padding-right: 0px !important;padding-bottom: 0px !important;padding-left: 0px !important;}&#8221;][vc_column css=&#8221;.vc_custom_1537517359601{margin-top: 0px !important;margin-right: 0px !important;margin-bottom: 0px !important;margin-left: 0px !important;border-top-width: 0px !important;border-right-width: 0px !important;border-bottom-width: 0px !important;border-left-width: 0px !important;padding-top: 0px !important;padding-right: 0px !important;padding-bottom: 0px !important;padding-left: 0px !important;}&#8221;][rev_slider_vc alias=&#8221;homepage1&#8243; el_class=&#8221;sohohotel-homepage-slider&#8221;][\/vc_column][\/vc_row][vc_row css=&#8221;.vc_custom_1615214137564{background-color: #7f2d31<\/p>\n<a href=\"https:\/\/torregigliano.it\/en\/testimonials\/testimonial-5\/\" class=\"sohohotel-more-link\">Read More<i class=\"fa fa-angle-right\"><\/i><\/a>","protected":false},"author":1,"featured_media":0,"parent":0,"menu_order":0,"comment_status":"closed","ping_status":"closed","template":"","meta":[],"yoast_head":"<!-- This site is optimized with the Yoast SEO plugin v20.0 - https:\/\/yoast.com\/wordpress\/plugins\/seo\/ -->\n<title>Home - Torre Gigliano - Casa vacanze in Puglia<\/title>\n<meta name=\"description\" content=\"Torre Gigliano is part of the prosperous farm business led by the the aristocratic Fenicia family from Ravello and it is located on the sidelines of the fortified manor of the family, where authentic extra-virgin Oil and Nero di Troia grapes are produced.\" \/>\n<meta name=\"robots\" content=\"index, follow, max-snippet:-1, max-image-preview:large, max-video-preview:-1\" \/>\n<link rel=\"canonical\" href=\"https:\/\/torregigliano.it\/en\/\" \/>\n<meta property=\"og:locale\" content=\"en_US\" \/>\n<meta property=\"og:type\" content=\"article\" \/>\n<meta property=\"og:title\" content=\"Torre Gigliano\" \/>\n<meta property=\"og:description\" content=\"Torre Gigliano is part of the prosperous farm business led by the the aristocratic Fenicia family from Ravello and it is located on the sidelines of the fortified manor of the family, where authentic extra-virgin Oil and Nero di Troia grapes are produced.\" \/>\n<meta property=\"og:url\" content=\"https:\/\/torregigliano.it\/en\/\" \/>\n<meta property=\"og:site_name\" content=\"Torre Gigliano\" \/>\n<meta property=\"article:modified_time\" content=\"2021-03-08T16:22:44+00:00\" \/>\n<meta property=\"og:image\" content=\"https:\/\/torregigliano.it\/wp-content\/uploads\/2020\/12\/7-1.jpg\" \/>\n<meta name=\"twitter:card\" content=\"summary_large_image\" \/>\n<meta name=\"twitter:label1\" content=\"Est. reading time\" \/>\n\t<meta name=\"twitter:data1\" content=\"2 minutes\" \/>\n<script type=\"application\/ld+json\" class=\"yoast-schema-graph\">{\"@context\":\"https:\/\/schema.org\",\"@graph\":[{\"@type\":\"WebPage\",\"@id\":\"https:\/\/torregigliano.it\/en\/\",\"url\":\"https:\/\/torregigliano.it\/en\/\",\"name\":\"Home - Torre Gigliano - Casa vacanze in Puglia\",\"isPartOf\":{\"@id\":\"https:\/\/torregigliano.it\/#website\"},\"datePublished\":\"2021-02-02T10:29:51+00:00\",\"dateModified\":\"2021-03-08T16:22:44+00:00\",\"description\":\"Torre Gigliano is part of the prosperous farm business led by the the aristocratic Fenicia family from Ravello and it is located on the sidelines of the fortified manor of the family, where authentic extra-virgin Oil and Nero di Troia grapes are produced.\",\"breadcrumb\":{\"@id\":\"https:\/\/torregigliano.it\/en\/#breadcrumb\"},\"inLanguage\":\"en-US\",\"potentialAction\":[{\"@type\":\"ReadAction\",\"target\":[\"https:\/\/torregigliano.it\/en\/\"]}]},{\"@type\":\"BreadcrumbList\",\"@id\":\"https:\/\/torregigliano.it\/en\/#breadcrumb\",\"itemListElement\":[{\"@type\":\"ListItem\",\"position\":1,\"name\":\"Home\",\"item\":\"https:\/\/torregigliano.it\/en\/\"},{\"@type\":\"ListItem\",\"position\":2,\"name\":\"Home\"}]},{\"@type\":\"WebSite\",\"@id\":\"https:\/\/torregigliano.it\/#website\",\"url\":\"https:\/\/torregigliano.it\/\",\"name\":\"Torre Gigliano\",\"description\":\"Casa vacanze in Puglia\",\"potentialAction\":[{\"@type\":\"SearchAction\",\"target\":{\"@type\":\"EntryPoint\",\"urlTemplate\":\"https:\/\/torregigliano.it\/?s={search_term_string}\"},\"query-input\":\"required name=search_term_string\"}],\"inLanguage\":\"en-US\"}]}<\/script>\n<!-- \/ Yoast SEO plugin. -->","yoast_head_json":{"title":"Home - Torre Gigliano - Casa vacanze in Puglia","description":"Torre Gigliano is part of the prosperous farm business led by the the aristocratic Fenicia family from Ravello and it is located on the sidelines of the fortified manor of the family, where authentic extra-virgin Oil and Nero di Troia grapes are produced.","robots":{"index":"index","follow":"follow","max-snippet":"max-snippet:-1","max-image-preview":"max-image-preview:large","max-video-preview":"max-video-preview:-1"},"canonical":"https:\/\/torregigliano.it\/en\/","og_locale":"en_US","og_type":"article","og_title":"Torre Gigliano","og_description":"Torre Gigliano is part of the prosperous farm business led by the the aristocratic Fenicia family from Ravello and it is located on the sidelines of the fortified manor of the family, where authentic extra-virgin Oil and Nero di Troia grapes are produced.","og_url":"https:\/\/torregigliano.it\/en\/","og_site_name":"Torre Gigliano","article_modified_time":"2021-03-08T16:22:44+00:00","og_image":[{"url":"https:\/\/torregigliano.it\/wp-content\/uploads\/2020\/12\/7-1.jpg"}],"twitter_card":"summary_large_image","twitter_misc":{"Est. reading time":"2 minutes"},"schema":{"@context":"https:\/\/schema.org","@graph":[{"@type":"WebPage","@id":"https:\/\/torregigliano.it\/en\/","url":"https:\/\/torregigliano.it\/en\/","name":"Home - Torre Gigliano - Casa vacanze in Puglia","isPartOf":{"@id":"https:\/\/torregigliano.it\/#website"},"datePublished":"2021-02-02T10:29:51+00:00","dateModified":"2021-03-08T16:22:44+00:00","description":"Torre Gigliano is part of the prosperous farm business led by the the aristocratic Fenicia family from Ravello and it is located on the sidelines of the fortified manor of the family, where authentic extra-virgin Oil and Nero di Troia grapes are produced.","breadcrumb":{"@id":"https:\/\/torregigliano.it\/en\/#breadcrumb"},"inLanguage":"en-US","potentialAction":[{"@type":"ReadAction","target":["https:\/\/torregigliano.it\/en\/"]}]},{"@type":"BreadcrumbList","@id":"https:\/\/torregigliano.it\/en\/#breadcrumb","itemListElement":[{"@type":"ListItem","position":1,"name":"Home","item":"https:\/\/torregigliano.it\/en\/"},{"@type":"ListItem","position":2,"name":"Home"}]},{"@type":"WebSite","@id":"https:\/\/torregigliano.it\/#website","url":"https:\/\/torregigliano.it\/","name":"Torre Gigliano","description":"Casa vacanze in Puglia","potentialAction":[{"@type":"SearchAction","target":{"@type":"EntryPoint","urlTemplate":"https:\/\/torregigliano.it\/?s={search_term_string}"},"query-input":"required name=search_term_string"}],"inLanguage":"en-US"}]}},"_links":{"self":[{"href":"https:\/\/torregigliano.it\/en\/wp-json\/wp\/v2\/pages\/1340"}],"collection":[{"href":"https:\/\/torregigliano.it\/en\/wp-json\/wp\/v2\/pages"}],"about":[{"href":"https:\/\/torregigliano.it\/en\/wp-json\/wp\/v2\/types\/page"}],"author":[{"embeddable":true,"href":"https:\/\/torregigliano.it\/en\/wp-json\/wp\/v2\/users\/1"}],"replies":[{"embeddable":true,"href":"https:\/\/torregigliano.it\/en\/wp-json\/wp\/v2\/comments?post=1340"}],"version-history":[{"count":14,"href":"https:\/\/torregigliano.it\/en\/wp-json\/wp\/v2\/pages\/1340\/revisions"}],"predecessor-version":[{"id":1508,"href":"https:\/\/torregigliano.it\/en\/wp-json\/wp\/v2\/pages\/1340\/revisions\/1508"}],"wp:attachment":[{"href":"https:\/\/torregigliano.it\/en\/wp-json\/wp\/v2\/media?parent=1340"}],"curies":[{"name":"wp","href":"https:\/\/api.w.org\/{rel}","templated":true}]}}